{"id":71,"date":"2020-01-27T08:15:05","date_gmt":"2020-01-27T08:15:05","guid":{"rendered":"https:\/\/demosites.io\/web-agency-gb\/?page_id=71"},"modified":"2025-03-14T13:35:44","modified_gmt":"2025-03-14T12:35:44","slug":"15c42-web-agency-gb-portfolio-single","status":"publish","type":"page","link":"https:\/\/gdnmedia.pl\/?page_id=71","title":{"rendered":"Portfolio Single"},"content":{"rendered":"\n\n\n<div id=\"wp-block-themeisle-blocks-advanced-columns-b4146d26\" class=\"wp-block-themeisle-blocks-advanced-columns alignfull has-2-columns has-desktop-equal-layout has-tablet-equal-layout has-mobile-collapsedRows-layout has-vertical-center ticss-c00aadba\"><div class=\"wp-block-themeisle-blocks-advanced-columns-overlay\"><\/div><div class=\"innerblocks-wrap\">\n<div id=\"wp-block-themeisle-blocks-advanced-column-18fe4a0a\" class=\"wp-block-themeisle-blocks-advanced-column\">\n<h3 id=\"wp-block-themeisle-blocks-advanced-heading-788243ec\" class=\"wp-block-themeisle-blocks-advanced-heading wp-block-themeisle-blocks-advanced-heading-788243ec\">Portale Miejskie<\/h3>\n\n\n\n<p class=\"has-text-align-center\">Jeste\u015bmy wydawc\u0105 4 portali miejskich dla: Gda\u0144ska, Krakowa, Wroc\u0142awia i Poznania<\/p>\n<\/div>\n\n\n\n<div id=\"wp-block-themeisle-blocks-advanced-column-b86925fa\" class=\"wp-block-themeisle-blocks-advanced-column\">\n<h3 id=\"wp-block-themeisle-blocks-advanced-heading-77194bee\" class=\"wp-block-themeisle-blocks-advanced-heading wp-block-themeisle-blocks-advanced-heading-77194bee\">Miejskie Portale Pracy<\/h3>\n\n\n\n<p class=\"has-text-align-center\">Jeste\u015bmy wydawc\u0105 Miejskich Portali Pracy dla: Gda\u0144ska, Krakowa, Wroc\u0142awia i Poznania<\/p>\n\n\n\n<div class=\"wp-block-buttons is-vertical is-content-justification-center is-layout-flex wp-container-core-buttons-is-layout-cc3cdef1 wp-block-buttons-is-layout-flex\"><\/div>\n<\/div>\n<\/div><\/div>\n\n\n\n<div class=\"wp-block-cover alignfull\" style=\"min-height:300px;aspect-ratio:unset;\"><span aria-hidden=\"true\" class=\"wp-block-cover__background has-nv-dark-bg-background-color has-background-dim\"><\/span><img fetchpriority=\"high\" decoding=\"async\" width=\"1280\" height=\"852\" class=\"wp-block-cover__image-background wp-image-942\" alt=\"\" src=\"https:\/\/gdnmedia.pl\/wp-content\/uploads\/2025\/01\/719694cf-7709-415f-9cc1-a559819821e7.jpg\" data-object-fit=\"cover\" srcset=\"https:\/\/gdnmedia.pl\/wp-content\/uploads\/2025\/01\/719694cf-7709-415f-9cc1-a559819821e7.jpg 1280w, https:\/\/gdnmedia.pl\/wp-content\/uploads\/2025\/01\/719694cf-7709-415f-9cc1-a559819821e7-300x200.jpg 300w, https:\/\/gdnmedia.pl\/wp-content\/uploads\/2025\/01\/719694cf-7709-415f-9cc1-a559819821e7-1024x682.jpg 1024w, https:\/\/gdnmedia.pl\/wp-content\/uploads\/2025\/01\/719694cf-7709-415f-9cc1-a559819821e7-768x511.jpg 768w, https:\/\/gdnmedia.pl\/wp-content\/uploads\/2025\/01\/719694cf-7709-415f-9cc1-a559819821e7-930x620.jpg 930w\" sizes=\"(max-width: 1280px) 100vw, 1280px\" \/><div class=\"wp-block-cover__inner-container is-layout-flow wp-block-cover-is-layout-flow\">\n<p><\/p>\n\n\n\n<h2 class=\"wp-block-heading has-text-align-center has-nv-text-dark-bg-color has-text-color\">Miejskie portale informacyjne<\/h2>\n\n\n\n<div class=\"wp-block-columns is-layout-flex wp-container-core-columns-is-layout-9d6595d7 wp-block-columns-is-layout-flex\">\n<div class=\"wp-block-column is-layout-flow wp-block-column-is-layout-flow\">\n<figure class=\"wp-block-image size-full is-resized\"><img decoding=\"async\" width=\"1000\" height=\"200\" src=\"https:\/\/gdnmedia.pl\/wp-content\/uploads\/2025\/03\/jestesmy-wydawca-portali-miejskich.svg\" alt=\"\" class=\"wp-image-1002\" style=\"width:1169px;height:auto\"\/><\/figure>\n<\/div>\n<\/div>\n<\/div><\/div>\n\n\n\n<div class=\"wp-block-cover alignfull\" style=\"min-height:300px;aspect-ratio:unset;\"><span aria-hidden=\"true\" class=\"wp-block-cover__background has-nv-dark-bg-background-color has-background-dim\"><\/span><img decoding=\"async\" width=\"2560\" height=\"1707\" class=\"wp-block-cover__image-background wp-image-937\" alt=\"\" src=\"https:\/\/gdnmedia.pl\/wp-content\/uploads\/2025\/01\/pexels-catiamatos-1072179-scaled.jpg\" data-object-fit=\"cover\" srcset=\"https:\/\/gdnmedia.pl\/wp-content\/uploads\/2025\/01\/pexels-catiamatos-1072179-scaled.jpg 2560w, https:\/\/gdnmedia.pl\/wp-content\/uploads\/2025\/01\/pexels-catiamatos-1072179-300x200.jpg 300w, https:\/\/gdnmedia.pl\/wp-content\/uploads\/2025\/01\/pexels-catiamatos-1072179-1024x683.jpg 1024w, https:\/\/gdnmedia.pl\/wp-content\/uploads\/2025\/01\/pexels-catiamatos-1072179-768x512.jpg 768w, https:\/\/gdnmedia.pl\/wp-content\/uploads\/2025\/01\/pexels-catiamatos-1072179-1536x1024.jpg 1536w, https:\/\/gdnmedia.pl\/wp-content\/uploads\/2025\/01\/pexels-catiamatos-1072179-2048x1366.jpg 2048w, https:\/\/gdnmedia.pl\/wp-content\/uploads\/2025\/01\/pexels-catiamatos-1072179-930x620.jpg 930w\" sizes=\"(max-width: 2560px) 100vw, 2560px\" \/><div class=\"wp-block-cover__inner-container is-layout-flow wp-block-cover-is-layout-flow\">\n<p><\/p>\n\n\n\n<h2 class=\"wp-block-heading has-text-align-center has-nv-text-dark-bg-color has-text-color\">Miejskie portale pracy<\/h2>\n\n\n\n<div class=\"wp-block-columns is-layout-flex wp-container-core-columns-is-layout-9d6595d7 wp-block-columns-is-layout-flex\">\n<div class=\"wp-block-column is-layout-flow wp-block-column-is-layout-flow\">\n<figure class=\"wp-block-image size-full is-resized\"><img loading=\"lazy\" decoding=\"async\" width=\"1000\" height=\"200\" src=\"https:\/\/gdnmedia.pl\/wp-content\/uploads\/2025\/03\/2.svg\" alt=\"\" class=\"wp-image-1003\" style=\"width:1170px;height:auto\"\/><\/figure>\n<\/div>\n<\/div>\n<\/div><\/div>\n\n\n\n<p><\/p>\n\n\n<div class=\"wp-block-image\">\n<figure class=\"aligncenter size-full\"><img loading=\"lazy\" decoding=\"async\" width=\"150\" height=\"50\" src=\"https:\/\/gdnmedia.pl\/wp-content\/uploads\/2024\/06\/Projekt-bez-nazwy-24.svg\" alt=\"\" class=\"wp-image-872\"\/><\/figure>\n<\/div>\n\n\n<p><\/p>\n","protected":false},"excerpt":{"rendered":"","protected":false},"author":1,"featured_media":0,"parent":0,"menu_order":0,"comment_status":"closed","ping_status":"closed","template":"","meta":{"neve_meta_sidebar":"default","neve_meta_container":"","neve_meta_enable_content_width":"on","neve_meta_content_width":100,"neve_meta_title_alignment":"","neve_meta_author_avatar":"","neve_post_elements_order":"","neve_meta_disable_header":"","neve_meta_disable_footer":"","neve_meta_disable_title":"on","_themeisle_gutenberg_block_has_review":false,"_ti_tpc_template_sync":false,"_ti_tpc_template_id":"axcn4pxgkxci1ianbdh0","footnotes":""},"class_list":["post-71","page","type-page","status-publish","hentry"],"_links":{"self":[{"href":"https:\/\/gdnmedia.pl\/index.php?rest_route=\/wp\/v2\/pages\/71","targetHints":{"allow":["GET"]}}],"collection":[{"href":"https:\/\/gdnmedia.pl\/index.php?rest_route=\/wp\/v2\/pages"}],"about":[{"href":"https:\/\/gdnmedia.pl\/index.php?rest_route=\/wp\/v2\/types\/page"}],"author":[{"embeddable":true,"href":"https:\/\/gdnmedia.pl\/index.php?rest_route=\/wp\/v2\/users\/1"}],"replies":[{"embeddable":true,"href":"https:\/\/gdnmedia.pl\/index.php?rest_route=%2Fwp%2Fv2%2Fcomments&post=71"}],"version-history":[{"count":29,"href":"https:\/\/gdnmedia.pl\/index.php?rest_route=\/wp\/v2\/pages\/71\/revisions"}],"predecessor-version":[{"id":1019,"href":"https:\/\/gdnmedia.pl\/index.php?rest_route=\/wp\/v2\/pages\/71\/revisions\/1019"}],"wp:attachment":[{"href":"https:\/\/gdnmedia.pl\/index.php?rest_route=%2Fwp%2Fv2%2Fmedia&parent=71"}],"curies":[{"name":"wp","href":"https:\/\/api.w.org\/{rel}","templated":true}]}}